{"id":728,"date":"2012-11-20T11:32:32","date_gmt":"2012-11-20T11:32:32","guid":{"rendered":"http:\/\/quanticalabs.com\/wp_themes\/themis\/?page_id=5"},"modified":"2015-02-19T09:44:33","modified_gmt":"2015-02-19T09:44:33","slug":"about","status":"publish","type":"page","link":"http:\/\/www.hpervinkarasu.av.tr\/?page_id=728","title":{"rendered":"Biyografi"},"content":{"rendered":"<div class=\"layout-p-50x50 clear-fix \"><br \/>\n<div class=\"column-left paragraph\"><br \/>\n<div class=\"clear-fix nivo-slider-wrapper \" style=\"max-width:480px;max-height:240px;\"><div class=\"nivo-slider\" id=\"nivo-slider-4164A11FE39C0492C6C9557CA7B53EAA\"><img decoding=\"async\" src=\"http:\/\/www.hpervinkarasu.av.tr\/wp-content\/uploads\/2012\/11\/image_01-480x240.jpg\" alt=\"\"\/><img decoding=\"async\" src=\"http:\/\/www.hpervinkarasu.av.tr\/wp-content\/uploads\/2012\/11\/image_02-480x240.jpg\" alt=\"\"\/><img decoding=\"async\" src=\"http:\/\/www.hpervinkarasu.av.tr\/wp-content\/uploads\/2012\/11\/image_03-480x240.jpg\" alt=\"\"\/><img decoding=\"async\" src=\"http:\/\/www.hpervinkarasu.av.tr\/wp-content\/uploads\/2012\/11\/image_04-480x240.jpg\" alt=\"\"\/><\/div><\/div><div class=\"hidden\"><script type=\"text\/javascript\">jQuery(document).ready(function($){var theme=new TLTheme();theme.createNivoSlider('nivo-slider-4164A11FE39C0492C6C9557CA7B53EAA',{\"effect\":[\"random\"],\"col_number\":\"8\",\"row_number\":\"4\",\"pause_time\":\"3000\",\"start_slide\":\"0\",\"pause_hover\":\"1\",\"random_start\":\"0\",\"slice_number\":\"15\",\"manual_advance\":\"0\",\"transition_speed\":\"500\",\"direction_navigation_enable\":\"1\"});});<\/script><\/div><br \/>\n<h3 class=\"\">Neden \u00d6zel Avukat Tutmal\u0131s\u0131n\u0131z<span class=\"underline\"><\/span><\/h3><br \/>\n\r\n\t\t\t<ul class=\"theme-accordion \" id=\"accordion_D109B5F378D8405D464765E0D5C98A1A\">\r\n\t\t\t\t<br \/>\n\r\n\t\t\t<li>\r\n\t\t\t\t<div><h4><a href=\"#\">Gelir Odakl\u0131 Faaliyetleriniz i\u00e7in<\/a><\/h4><\/div>\r\n\t\t\t\t<div class=\"clear-fix\"><div class=\"clear-fix paragraph\"><\/p>\n<p><\/div><\/div>\r\n\t\t\t<\/li>\r\n\t\t<br \/>\n\r\n\t\t\t<li>\r\n\t\t\t\t<div><h4><a href=\"#\">Daha Saglam ve Geni\u015f bir politika i\u00e7in<\/a><\/h4><\/div>\r\n\t\t\t\t<div class=\"clear-fix\"><div class=\"clear-fix paragraph\"><\/p>\n<p><\/div><\/div>\r\n\t\t\t<\/li>\r\n\t\t<br \/>\n\r\n\t\t\t<li>\r\n\t\t\t\t<div><h4><a href=\"#\">Ki\u015fisel Haklar\u0131n\u0131z\u0131 Savunmak i\u00e7in<\/a><\/h4><\/div>\r\n\t\t\t\t<div class=\"clear-fix\"><div class=\"clear-fix paragraph\"><\/p>\n<p><\/div><\/div>\r\n\t\t\t<\/li>\r\n\t\t<br \/>\n\r\n\t\t\t<li>\r\n\t\t\t\t<div><h4><a href=\"#\">Davan\u0131z\u0131 Sonuna kadar S\u00fcrd\u00fcrmek i\u00e7in<\/a><\/h4><\/div>\r\n\t\t\t\t<div class=\"clear-fix\"><div class=\"clear-fix paragraph\"><\/p>\n<p><\/div><\/div>\r\n\t\t\t<\/li>\r\n\t\t<br \/>\n\r\n\t\t\t<\/ul>\r\n\t\t\t<div class=\"hidden\">\r\n\t\t\t\t<script type=\"text\/javascript\">\r\n\t\t\t\t\tjQuery(document).ready(function() \r\n\t\t\t\t\t{\r\n\t\t\t\t\t\tvar theme=new TLTheme();\r\n\t\t\t\t\t\ttheme.createAccordion('#accordion_D109B5F378D8405D464765E0D5C98A1A',{active:0});\r\n\t\t\t\t\t});\r\n\t\t\t\t<\/script>\r\n\t\t\t<\/div>\r\n\t\t<br \/>\n<\/div><br \/>\n<div class=\"column-right paragraph\"><br \/>\n<h3 class=\"top-0\">Pervin Karasu &#8211; \u00d6zel Avukat<span class=\"underline\"><\/span><\/h3><br \/>\nPervin Karasu Hakk\u0131nda Bilgileri Burada Payla\u015faca\u011f\u0131z<br \/>\n\r\n\t\t\t<ul class=\"clear-fix layout-p-50x50 list list-bullet-1 margin-top-20\">\r\n\t\t\t\t<br \/>\n<li class=\"column-left paragraph\"><div> <\/div><\/li><br \/>\n<li class=\"column-right paragraph\"><div> <\/div><\/li><br \/>\n<li class=\"column-left paragraph\"><div> <\/div><\/li><br \/>\n<li class=\"column-right paragraph\"><div> <\/div><\/li><br \/>\n<li class=\"column-left paragraph\"><div> <\/div><\/li><br \/>\n<li class=\"column-right paragraph\"><div> <\/div><\/li><br \/>\n\r\n\t\t\t<\/ul>\r\n\t\t<br \/>\n<h3 class=\"\">Makaleler<span class=\"underline\"><\/span><\/h3><br \/>\n<ul class=\"list-0 clear-fix latest-post \"><li class=\"clear-fix\"><h4><a href=\"http:\/\/www.hpervinkarasu.av.tr\/?p=1074\">Medya hukuku nedir?<\/a><\/h4><p><\/p><\/li><li class=\"clear-fix\"><h4><a href=\"http:\/\/www.hpervinkarasu.av.tr\/?p=1072\">\u0130\u015f hukuku nedir<\/a><\/h4><p><\/p><\/li><li class=\"clear-fix\"><h4><a href=\"http:\/\/www.hpervinkarasu.av.tr\/?p=1070\">Avukat hak ve y\u00fck\u00fcml\u00fcl\u00fckleri<\/a><\/h4><p><\/p><\/li><li class=\"clear-fix\"><h4><a href=\"http:\/\/www.hpervinkarasu.av.tr\/?p=1068\">\u0130nsan Haklar\u0131 evrensel bildirgesi<\/a><\/h4><p><\/p><\/li><li class=\"clear-fix\"><h4><a href=\"http:\/\/www.hpervinkarasu.av.tr\/?p=1066\">Avukat nedir?<\/a><\/h4><p><\/p><\/li><\/ul><br \/>\n<\/div><br \/>\n<\/div>\n<div class=\"clear-fix team team-carousel-enable preloader team-header-enable margin-top-30\" id=\"team-D54FBCC40E5A585FE6426332E92B8471\"><h3 class=\"top-0\">Meet The Team<span class=\"underline\"><\/span><\/h3><ul class=\"list-0 clear-fix team-list layout-p-33x33x33\"><li class=\"column-left\"><div class=\"clear-fix single-image\"><div><a href=\"http:\/\/quanticalabs.com\/wp_themes\/themis-theme\/services\/\" class=\"preloader overlay-url\" ><img decoding=\"async\" src=\"http:\/\/www.hpervinkarasu.av.tr\/wp-content\/uploads\/2012\/11\/team_member_01-480x240.jpg\" alt=\"Mark Anthony\" \/><\/a><div class=\"hidden\"><p>Aenean tincidunt nunc vitae erat phare venenatis sit amet leo.<\/p><\/div><\/div><div class=\"gallery-bottom-box\"><div class=\"default\"><\/div><div class=\"hover\"><\/div><h3>Mark Anthony<\/h3><h5>Attorney<\/h5><\/div><\/div><div class=\"paragraph team-item-list-excerpt\"><p>Aenean tincidunt nunc vitae erat phare venenatis sit amet leo.<\/p><\/div><div class=\"paragraph team-item-list-link\"><a href=\"http:\/\/quanticalabs.com\/wp_themes\/themis-theme\/services\/\" class=\"more\">daha fazla bilgi edin<\/a><\/div><\/li><li class=\"column-center\"><div class=\"clear-fix single-image\"><div><a href=\"http:\/\/quanticalabs.com\/wp_themes\/themis-theme\/services\/\" class=\"preloader overlay-url\" ><img decoding=\"async\" src=\"http:\/\/www.hpervinkarasu.av.tr\/wp-content\/uploads\/2012\/11\/team_member_02-480x240.jpg\" alt=\"Joe Doe\" \/><\/a><div class=\"hidden\"><p>Vestibulum vehicula, turpis ac posuere venenatis ullamcorpe.<\/p><\/div><\/div><div class=\"gallery-bottom-box\"><div class=\"default\"><\/div><div class=\"hover\"><\/div><h3>Joe Doe<\/h3><h5>Attorney<\/h5><\/div><\/div><div class=\"paragraph team-item-list-excerpt\"><p>Vestibulum vehicula, turpis ac posuere venenatis ullamcorpe.<\/p><\/div><div class=\"paragraph team-item-list-link\"><a href=\"http:\/\/quanticalabs.com\/wp_themes\/themis-theme\/services\/\" class=\"more\">daha fazla bilgi edin<\/a><\/div><\/li><li class=\"column-right\"><div class=\"clear-fix single-image\"><div><a href=\"http:\/\/quanticalabs.com\/wp_themes\/themis-theme\/services\/\" class=\"preloader overlay-url\" ><img decoding=\"async\" src=\"http:\/\/www.hpervinkarasu.av.tr\/wp-content\/uploads\/2012\/11\/team_member_03-480x240.jpg\" alt=\"Anna Brown\" \/><\/a><div class=\"hidden\"><p>Aliquam ac faucibus arcu. Vivamus ac sem mi rhoncus.<\/p><\/div><\/div><div class=\"gallery-bottom-box\"><div class=\"default\"><\/div><div class=\"hover\"><\/div><h3>Anna Brown<\/h3><h5>Attorney<\/h5><\/div><\/div><div class=\"paragraph team-item-list-excerpt\"><p>Aliquam ac faucibus arcu. Vivamus ac sem mi rhoncus.<\/p><\/div><div class=\"paragraph team-item-list-link\"><a href=\"http:\/\/quanticalabs.com\/wp_themes\/themis-theme\/services\/\" class=\"more\">daha fazla bilgi edin<\/a><\/div><\/li><li class=\"column-left\"><div class=\"clear-fix single-image\"><div><a href=\"http:\/\/quanticalabs.com\/wp_themes\/themis-theme\/services\/\" class=\"preloader overlay-url\" ><img decoding=\"async\" src=\"http:\/\/www.hpervinkarasu.av.tr\/wp-content\/uploads\/2012\/11\/team_member_04-480x240.jpg\" alt=\"Mark Hughes\" \/><\/a><div class=\"hidden\"><p>Phasellus lobortis magna et or ipsum lobortis placerat.<\/p><\/div><\/div><div class=\"gallery-bottom-box\"><div class=\"default\"><\/div><div class=\"hover\"><\/div><h3>Mark Hughes<\/h3><h5>Attorney<\/h5><\/div><\/div><div class=\"paragraph team-item-list-excerpt\"><p>Phasellus lobortis magna et or ipsum lobortis placerat.<\/p><\/div><div class=\"paragraph team-item-list-link\"><a href=\"http:\/\/quanticalabs.com\/wp_themes\/themis-theme\/services\/\" class=\"more\">daha fazla bilgi edin<\/a><\/div><\/li><li class=\"column-center\"><div class=\"clear-fix single-image\"><div><a href=\"\" class=\"preloader \" ><img decoding=\"async\" src=\"\" alt=\"Jennifer Doe\" \/><\/a><div class=\"hidden\"><p>Vivamus lobortis, diam id mollis, dolor sem euismod turpis.<\/p><\/div><\/div><div class=\"gallery-bottom-box\"><div class=\"default\"><\/div><div class=\"hover\"><\/div><h3>Jennifer Doe<\/h3><h5><\/h5><\/div><\/div><div class=\"paragraph team-item-list-excerpt\"><p>Vivamus lobortis, diam id mollis, dolor sem euismod turpis.<\/p><\/div><\/li><\/ul><div><a href=\"#\" class=\"navigation-prev\"><\/a><a href=\"#\" class=\"navigation-next\"><\/a><\/div><\/div><div class=\"hidden\"><script type=\"text\/javascript\">jQuery(document).ready(function() {var theme=new TLTheme();theme.createTeam('team-D54FBCC40E5A585FE6426332E92B8471',{\"image_width\":310,\"autoplay\":\"0\",\"circular\":\"1\",\"infinite\":\"1\",\"direction\":\"left\",\"item_start\":\"0\",\"scroll_item\":\"1\",\"scroll_effect\":\"scroll\",\"scroll_easing\":\"swing\",\"scroll_duration\":\"500\",\"column_count\":\"3\"});});<\/script><\/div>\n","protected":false},"excerpt":{"rendered":"","protected":false},"author":2,"featured_media":0,"parent":0,"menu_order":1,"comment_status":"open","ping_status":"closed","template":"","meta":{"footnotes":""},"class_list":["post-728","page","type-page","status-publish","hentry"],"_links":{"self":[{"href":"http:\/\/www.hpervinkarasu.av.tr\/index.php?rest_route=\/wp\/v2\/pages\/728","targetHints":{"allow":["GET"]}}],"collection":[{"href":"http:\/\/www.hpervinkarasu.av.tr\/index.php?rest_route=\/wp\/v2\/pages"}],"about":[{"href":"http:\/\/www.hpervinkarasu.av.tr\/index.php?rest_route=\/wp\/v2\/types\/page"}],"author":[{"embeddable":true,"href":"http:\/\/www.hpervinkarasu.av.tr\/index.php?rest_route=\/wp\/v2\/users\/2"}],"replies":[{"embeddable":true,"href":"http:\/\/www.hpervinkarasu.av.tr\/index.php?rest_route=%2Fwp%2Fv2%2Fcomments&post=728"}],"version-history":[{"count":18,"href":"http:\/\/www.hpervinkarasu.av.tr\/index.php?rest_route=\/wp\/v2\/pages\/728\/revisions"}],"predecessor-version":[{"id":1082,"href":"http:\/\/www.hpervinkarasu.av.tr\/index.php?rest_route=\/wp\/v2\/pages\/728\/revisions\/1082"}],"wp:attachment":[{"href":"http:\/\/www.hpervinkarasu.av.tr\/index.php?rest_route=%2Fwp%2Fv2%2Fmedia&parent=728"}],"curies":[{"name":"wp","href":"https:\/\/api.w.org\/{rel}","templated":true}]}}